{"id":18,"date":"2022-12-29T09:17:11","date_gmt":"2022-12-29T08:17:11","guid":{"rendered":"http:\/\/www.busl.pro\/?page_id=18"},"modified":"2022-12-29T16:41:51","modified_gmt":"2022-12-29T15:41:51","slug":"ueber-uns","status":"publish","type":"page","link":"http:\/\/www.busl.pro\/?page_id=18","title":{"rendered":"Florian Busl &#8211; \u00fcber mich"},"content":{"rendered":"\n<p>Leidenschaft f\u00fcr \u00e4sthetische L\u00f6sungen, die optimal funktionieren, hohes Qualti\u00e4tsbewusstsein mit Ausdauer f\u00fcr Perfektion, Konzentration auf das Wesentliche, Freude an Technik und Design.<\/p>\n","protected":false},"excerpt":{"rendered":"<p>Leidenschaft f\u00fcr \u00e4sthetische L\u00f6sungen, die optimal funktionieren, hohes Qualti\u00e4tsbewusstsein mit Ausdauer f\u00fcr Perfektion, Konzentration auf das Wesentliche, Freude an Technik und Design.<\/p>\n","protected":false},"author":1,"featured_media":114,"parent":0,"menu_order":0,"comment_status":"closed","ping_status":"closed","template":"","meta":{"footnotes":""},"class_list":["post-18","page","type-page","status-publish","has-post-thumbnail","hentry"],"_links":{"self":[{"href":"http:\/\/www.busl.pro\/index.php?rest_route=\/wp\/v2\/pages\/18","targetHints":{"allow":["GET"]}}],"collection":[{"href":"http:\/\/www.busl.pro\/index.php?rest_route=\/wp\/v2\/pages"}],"about":[{"href":"http:\/\/www.busl.pro\/index.php?rest_route=\/wp\/v2\/types\/page"}],"author":[{"embeddable":true,"href":"http:\/\/www.busl.pro\/index.php?rest_route=\/wp\/v2\/users\/1"}],"replies":[{"embeddable":true,"href":"http:\/\/www.busl.pro\/index.php?rest_route=%2Fwp%2Fv2%2Fcomments&post=18"}],"version-history":[{"count":4,"href":"http:\/\/www.busl.pro\/index.php?rest_route=\/wp\/v2\/pages\/18\/revisions"}],"predecessor-version":[{"id":98,"href":"http:\/\/www.busl.pro\/index.php?rest_route=\/wp\/v2\/pages\/18\/revisions\/98"}],"wp:featuredmedia":[{"embeddable":true,"href":"http:\/\/www.busl.pro\/index.php?rest_route=\/wp\/v2\/media\/114"}],"wp:attachment":[{"href":"http:\/\/www.busl.pro\/index.php?rest_route=%2Fwp%2Fv2%2Fmedia&parent=18"}],"curies":[{"name":"wp","href":"https:\/\/api.w.org\/{rel}","templated":true}]}}